{"id":3603,"date":"2024-06-10T13:04:31","date_gmt":"2024-06-10T13:04:31","guid":{"rendered":"https:\/\/korus.ca\/?page_id=3603"},"modified":"2024-06-10T19:23:36","modified_gmt":"2024-06-10T19:23:36","slug":"politique-de-confidentialite","status":"publish","type":"page","link":"https:\/\/korus.ca\/english\/politique-de-confidentialite\/","title":{"rendered":"Privacy Policy"},"content":{"rendered":"<h2>Privacy Policy<\/h2>\n<p>Through its website, Korus Gestion collaborative de copropri\u00e9t\u00e9s collects personal information about you.<\/p>\n<p>We are committed to ensuring the protection of your personal information, and we invite you to review this privacy policy.<\/p>\n<h4>AUTOMATICCALLY COLLECTED PERSONAL INFORMATION<\/h4>\n<p>When you connect to our website, certain personal information is exchanged between your computer and our server. This exchange is necessary for the data on our site to be properly communicated to the computer equipment you are using. <strong>Korus Gestion collaborative de copropri\u00e9t\u00e9s<\/strong> retains this personal information solely for technical and statistical purposes related to the performance of our website.<\/p>\n<h4>THE INFORMATION COLLECTED INCLUDES:<\/h4>\n<ul>\n<li>The domain name of your internet service provider<\/li>\n<li>Your IP address<\/li>\n<li>Your browser (Chrome, Firefox, Safari, etc.)<\/li>\n<li>Your operating system (Windows, Mac OS, etc.)<\/li>\n<li>The date and time of your visit ;<\/li>\n<li>Web pages consulted.<\/li>\n<\/ul>\n<h4>USE OF COOKIES<\/h4>\n<p><strong>Korus Gestion collaborative de copropri\u00e9t\u00e9s<\/strong> does not store any cookies permanently. Only a temporary cookie is used during your visit to our site in order to improve the performance of certain site features. You can deactivate cookies via your web browser. However, this deactivation may have the effect of restricting certain functionalities of our website.<\/p>\n<h4>PERSONAL INFORMATION SENT VOLUNTARILY BY E-MAIL OR VIA THE FORM<\/h4>\n<p>The personal information that you voluntarily communicate to us by e-mail or through the contact form on our website, such as your name and e-mail address, will only be used to allow Korus Gestion collaborative de copropri\u00e9t\u00e9s to respond to you or to follow up on your request, and will not be retained.<\/p>\n<p><strong>RESPONSIBLE FOR THE PRIVACY POLICY<\/strong><\/p>\n<p>If you have any questions about this policy, or if you have any complaints about non-compliance, please contact <strong>Nathalie Monast<\/strong>, Privacy Officer, by writing to <a href=\"mailto:info@korus.ca\" rel=\"noreferrer\">info@korus.ca<\/a><\/p>","protected":false},"excerpt":{"rendered":"<p>Politique de confidentialit\u00e9 Par l\u2019entremise de son site Internet, Korus Gestion collaborative de copropri\u00e9t\u00e9s collecte des renseignements personnels vous concernant. Nous nous engageons \u00e0 assurer la protection de vos renseignements personnels, et nous vous invitons \u00e0 prendre connaissance de la pr\u00e9sente politique de confidentialit\u00e9. RENSEIGNEMENTS PERSONNELS COLLECT\u00c9S DE MANI\u00c8RE AUTOMATIQUE Par votre connexion sur notre [&hellip;]<\/p>\n","protected":false},"author":1,"featured_media":0,"parent":0,"menu_order":0,"comment_status":"closed","ping_status":"closed","template":"","meta":{"_uf_show_specific_survey":0,"_uf_disable_surveys":false,"footnotes":""},"class_list":["post-3603","page","type-page","status-publish","hentry"],"yoast_head":"<!-- This site is optimized with the Yoast SEO plugin v27.5 - https:\/\/yoast.com\/product\/yoast-seo-wordpress\/ -->\n<title>Politique de confidentialit\u00e9 - Korus GCDC<\/title>\n<meta name=\"robots\" content=\"index, follow, max-snippet:-1, max-image-preview:large, max-video-preview:-1\" \/>\n<link rel=\"canonical\" href=\"https:\/\/korus.ca\/english\/politique-de-confidentialite\/\" \/>\n<meta property=\"og:locale\" content=\"en_US\" \/>\n<meta property=\"og:type\" content=\"article\" \/>\n<meta property=\"og:title\" content=\"Politique de confidentialit\u00e9 - Korus GCDC\" \/>\n<meta property=\"og:description\" content=\"Politique de confidentialit\u00e9 Par l\u2019entremise de son site Internet, Korus Gestion collaborative de copropri\u00e9t\u00e9s collecte des renseignements personnels vous concernant. Nous nous engageons \u00e0 assurer la protection de vos renseignements personnels, et nous vous invitons \u00e0 prendre connaissance de la pr\u00e9sente politique de confidentialit\u00e9. RENSEIGNEMENTS PERSONNELS COLLECT\u00c9S DE MANI\u00c8RE AUTOMATIQUE Par votre connexion sur notre [&hellip;]\" \/>\n<meta property=\"og:url\" content=\"https:\/\/korus.ca\/english\/politique-de-confidentialite\/\" \/>\n<meta property=\"og:site_name\" content=\"Korus GCDC\" \/>\n<meta property=\"article:modified_time\" content=\"2024-06-10T19:23:36+00:00\" \/>\n<meta property=\"og:image\" content=\"https:\/\/korus.ca\/wp-content\/uploads\/2024\/12\/korus-logo.png\" \/>\n\t<meta property=\"og:image:width\" content=\"101\" \/>\n\t<meta property=\"og:image:height\" content=\"82\" \/>\n\t<meta property=\"og:image:type\" content=\"image\/png\" \/>\n<meta name=\"twitter:card\" content=\"summary_large_image\" \/>\n<meta name=\"twitter:label1\" content=\"Est. reading time\" \/>\n\t<meta name=\"twitter:data1\" content=\"2 minutes\" \/>\n<script type=\"application\/ld+json\" class=\"yoast-schema-graph\">{\"@context\":\"https:\\\/\\\/schema.org\",\"@graph\":[{\"@type\":\"WebPage\",\"@id\":\"https:\\\/\\\/korus.ca\\\/english\\\/politique-de-confidentialite\\\/\",\"url\":\"https:\\\/\\\/korus.ca\\\/english\\\/politique-de-confidentialite\\\/\",\"name\":\"Politique de confidentialit\u00e9 - Korus GCDC\",\"isPartOf\":{\"@id\":\"\\\/#website\"},\"datePublished\":\"2024-06-10T13:04:31+00:00\",\"dateModified\":\"2024-06-10T19:23:36+00:00\",\"breadcrumb\":{\"@id\":\"https:\\\/\\\/korus.ca\\\/english\\\/politique-de-confidentialite\\\/#breadcrumb\"},\"inLanguage\":\"en-US\",\"potentialAction\":[{\"@type\":\"ReadAction\",\"target\":[\"https:\\\/\\\/korus.ca\\\/english\\\/politique-de-confidentialite\\\/\"]}]},{\"@type\":\"BreadcrumbList\",\"@id\":\"https:\\\/\\\/korus.ca\\\/english\\\/politique-de-confidentialite\\\/#breadcrumb\",\"itemListElement\":[{\"@type\":\"ListItem\",\"position\":1,\"name\":\"Accueil\",\"item\":\"https:\\\/\\\/korus.ca\\\/\"},{\"@type\":\"ListItem\",\"position\":2,\"name\":\"Politique de confidentialit\u00e9\"}]},{\"@type\":\"WebSite\",\"@id\":\"\\\/#website\",\"url\":\"\\\/\",\"name\":\"Korus GCDC\",\"description\":\"Korus Gestion Collaborative de Copropri\u00e9t\u00e9s\",\"publisher\":{\"@id\":\"\\\/#organization\"},\"potentialAction\":[{\"@type\":\"SearchAction\",\"target\":{\"@type\":\"EntryPoint\",\"urlTemplate\":\"\\\/?s={search_term_string}\"},\"query-input\":{\"@type\":\"PropertyValueSpecification\",\"valueRequired\":true,\"valueName\":\"search_term_string\"}}],\"inLanguage\":\"en-US\"},{\"@type\":\"Organization\",\"@id\":\"\\\/#organization\",\"name\":\"Korus GCDC\",\"url\":\"\\\/\",\"logo\":{\"@type\":\"ImageObject\",\"inLanguage\":\"en-US\",\"@id\":\"\\\/#\\\/schema\\\/logo\\\/image\\\/\",\"url\":\"https:\\\/\\\/korus.ca\\\/wp-content\\\/uploads\\\/2024\\\/12\\\/korus-logo.png\",\"contentUrl\":\"https:\\\/\\\/korus.ca\\\/wp-content\\\/uploads\\\/2024\\\/12\\\/korus-logo.png\",\"width\":101,\"height\":82,\"caption\":\"Korus GCDC\"},\"image\":{\"@id\":\"\\\/#\\\/schema\\\/logo\\\/image\\\/\"}}]}<\/script>\n<!-- \/ Yoast SEO plugin. -->","yoast_head_json":{"title":"Politique de confidentialit\u00e9 - Korus GCDC","robots":{"index":"index","follow":"follow","max-snippet":"max-snippet:-1","max-image-preview":"max-image-preview:large","max-video-preview":"max-video-preview:-1"},"canonical":"https:\/\/korus.ca\/english\/politique-de-confidentialite\/","og_locale":"en_US","og_type":"article","og_title":"Politique de confidentialit\u00e9 - Korus GCDC","og_description":"Politique de confidentialit\u00e9 Par l\u2019entremise de son site Internet, Korus Gestion collaborative de copropri\u00e9t\u00e9s collecte des renseignements personnels vous concernant. Nous nous engageons \u00e0 assurer la protection de vos renseignements personnels, et nous vous invitons \u00e0 prendre connaissance de la pr\u00e9sente politique de confidentialit\u00e9. RENSEIGNEMENTS PERSONNELS COLLECT\u00c9S DE MANI\u00c8RE AUTOMATIQUE Par votre connexion sur notre [&hellip;]","og_url":"https:\/\/korus.ca\/english\/politique-de-confidentialite\/","og_site_name":"Korus GCDC","article_modified_time":"2024-06-10T19:23:36+00:00","og_image":[{"width":101,"height":82,"url":"https:\/\/korus.ca\/wp-content\/uploads\/2024\/12\/korus-logo.png","type":"image\/png"}],"twitter_card":"summary_large_image","twitter_misc":{"Est. reading time":"2 minutes"},"schema":{"@context":"https:\/\/schema.org","@graph":[{"@type":"WebPage","@id":"https:\/\/korus.ca\/english\/politique-de-confidentialite\/","url":"https:\/\/korus.ca\/english\/politique-de-confidentialite\/","name":"Politique de confidentialit\u00e9 - Korus GCDC","isPartOf":{"@id":"\/#website"},"datePublished":"2024-06-10T13:04:31+00:00","dateModified":"2024-06-10T19:23:36+00:00","breadcrumb":{"@id":"https:\/\/korus.ca\/english\/politique-de-confidentialite\/#breadcrumb"},"inLanguage":"en-US","potentialAction":[{"@type":"ReadAction","target":["https:\/\/korus.ca\/english\/politique-de-confidentialite\/"]}]},{"@type":"BreadcrumbList","@id":"https:\/\/korus.ca\/english\/politique-de-confidentialite\/#breadcrumb","itemListElement":[{"@type":"ListItem","position":1,"name":"Accueil","item":"https:\/\/korus.ca\/"},{"@type":"ListItem","position":2,"name":"Politique de confidentialit\u00e9"}]},{"@type":"WebSite","@id":"\/#website","url":"\/","name":"Korus GCDC","description":"Korus Gestion Collaborative de Copropri\u00e9t\u00e9s","publisher":{"@id":"\/#organization"},"potentialAction":[{"@type":"SearchAction","target":{"@type":"EntryPoint","urlTemplate":"\/?s={search_term_string}"},"query-input":{"@type":"PropertyValueSpecification","valueRequired":true,"valueName":"search_term_string"}}],"inLanguage":"en-US"},{"@type":"Organization","@id":"\/#organization","name":"Korus GCDC","url":"\/","logo":{"@type":"ImageObject","inLanguage":"en-US","@id":"\/#\/schema\/logo\/image\/","url":"https:\/\/korus.ca\/wp-content\/uploads\/2024\/12\/korus-logo.png","contentUrl":"https:\/\/korus.ca\/wp-content\/uploads\/2024\/12\/korus-logo.png","width":101,"height":82,"caption":"Korus GCDC"},"image":{"@id":"\/#\/schema\/logo\/image\/"}}]}},"_links":{"self":[{"href":"https:\/\/korus.ca\/english\/wp-json\/wp\/v2\/pages\/3603","targetHints":{"allow":["GET"]}}],"collection":[{"href":"https:\/\/korus.ca\/english\/wp-json\/wp\/v2\/pages"}],"about":[{"href":"https:\/\/korus.ca\/english\/wp-json\/wp\/v2\/types\/page"}],"author":[{"embeddable":true,"href":"https:\/\/korus.ca\/english\/wp-json\/wp\/v2\/users\/1"}],"replies":[{"embeddable":true,"href":"https:\/\/korus.ca\/english\/wp-json\/wp\/v2\/comments?post=3603"}],"version-history":[{"count":0,"href":"https:\/\/korus.ca\/english\/wp-json\/wp\/v2\/pages\/3603\/revisions"}],"wp:attachment":[{"href":"https:\/\/korus.ca\/english\/wp-json\/wp\/v2\/media?parent=3603"}],"curies":[{"name":"wp","href":"https:\/\/api.w.org\/{rel}","templated":true}]}}