{"id":36,"date":"2016-07-18T09:02:31","date_gmt":"2016-07-18T09:02:31","guid":{"rendered":"http:\/\/sw-themes.com\/porto_dummy\/?page_id=36"},"modified":"2024-12-09T11:54:32","modified_gmt":"2024-12-09T11:54:32","slug":"services","status":"publish","type":"page","link":"https:\/\/korus.ca\/english\/services\/","title":{"rendered":"SERVICES"},"content":{"rendered":"<div class=\"wpb-content-wrapper\"><div data-vc-full-width=\"true\" data-vc-full-width-temp=\"true\" data-vc-full-width-init=\"false\" class=\"vc_row wpb_row top-row vc_custom_1720219423965 section section-default section-text-light mt-0 mb-0 pt-0 pb-0 section-no-borders vc_row-has-fill vc_row-o-full-height vc_row-o-columns-middle vc_row-flex porto-inner-container wpb_custom_034b39d9bc6c6b310d69e39f0ccf274f\"><div class=\"porto-wrap-container container\"><div class=\"row\"><div class=\"vc_column_container col-md-12\"><div class=\"wpb_wrapper vc_column-inner\"><div class=\"vc_row wpb_row vc_inner row\"><div class=\"vc_column_container col-md-7\"><div class=\"wpb_wrapper vc_column-inner\">\r\n\t<div class=\"wpb_text_column wpb_content_element wpb_custom_7c91d232724f73626cc933bd95b25ff0\" >\r\n\t\t<div class=\"wpb_wrapper\">\r\n\t\t\t<h1><span style=\"vertical-align: inherit;\"><em class=\"tbt1\">KORUS - GESTION COLLABORATIVE DE COPROPRI\u00c9T\u00c9S<\/em><br \/>\nOUR SERVICES<\/span><\/h1>\n\r\n\t\t<\/div>\r\n\t<\/div>\r\n<\/div><\/div><div class=\"vc_column_container col-md-5\"><div class=\"wpb_wrapper vc_column-inner\"><\/div><\/div><\/div><\/div><\/div><\/div><\/div><\/div><div class=\"vc_row-full-width vc_clearfix\"><\/div><div data-vc-full-width=\"true\" data-vc-full-width-temp=\"true\" data-vc-full-width-init=\"false\" class=\"vc_row wpb_row top-row vc_custom_1718020616996 section section-secondary section-text-light mt-0 mb-0 vc_row-has-fill porto-inner-container wpb_custom_034b39d9bc6c6b310d69e39f0ccf274f\"><div class=\"porto-wrap-container container\"><div class=\"row\"><div class=\"vc_column_container col-md-1\"><div class=\"wpb_wrapper vc_column-inner\"><\/div><\/div><div class=\"vc_column_container col-md-10\"><div class=\"wpb_wrapper vc_column-inner\"><div class=\"vc_row wpb_row vc_inner row\"><div class=\"vc_column_container col-md-12\"><div class=\"wpb_wrapper vc_column-inner\">\r\n\t<div class=\"wpb_text_column wpb_content_element wpb_custom_7c91d232724f73626cc933bd95b25ff0\" >\r\n\t\t<div class=\"wpb_wrapper\">\r\n\t\t\t<h2 style=\"text-align: center;\"><em>SERVICES<\/em><br \/>\nDISCOVER OUR FLEXIBLE OFFER<\/h2>\n<p style=\"text-align: center;\">We offer full or partial management, depending on your needs, budget and desired collaboration. Our services cover operational, financial and administrative management.<\/p>\n\r\n\t\t<\/div>\r\n\t<\/div>\r\n<\/div><\/div><\/div><div class=\"vc_row wpb_row vc_inner row vc_row-o-equal-height vc_row-o-content-middle vc_row-flex\"><div class=\"vc_column_container col-md-6 vc_custom_1718020427570\"><div class=\"wpb_wrapper vc_column-inner\"><div class=\"vc_empty_space\"   style=\"height: 32px\"><span class=\"vc_empty_space_inner\"><\/span><\/div><div class=\"vc_empty_space\"   style=\"height: 32px\"><span class=\"vc_empty_space_inner\"><\/span><\/div>\r\n\t<div class=\"wpb_text_column wpb_content_element vc_custom_1718021051406 wpb_custom_7c91d232724f73626cc933bd95b25ff0\" >\r\n\t\t<div class=\"wpb_wrapper\">\r\n\t\t\t<h3><span style=\"color: #ffffff;\">Korus Gestion collaborative de copropri\u00e9t\u00e9s offer to his clients ... <\/span><\/h3>\n<ul>\n<li><span style=\"color: #ffffff;\">A flexible service offering <\/span><\/li>\n<li><span style=\"color: #ffffff;\">A bank of hours dedicated to deliverables <\/span><\/li>\n<li><span style=\"color: #ffffff;\">Transparent activity management with our monthly billable activity summary <\/span><\/li>\n<li><span style=\"color: #ffffff;\">Manager-client compatibility<\/span><\/li>\n<li><span style=\"color: #ffffff;\">Agile priority management<\/span><\/li>\n<\/ul>\n\r\n\t\t<\/div>\r\n\t<\/div>\r\n<div class=\"vc_empty_space\"   style=\"height: 32px\"><span class=\"vc_empty_space_inner\"><\/span><\/div><\/div><\/div><div class=\"vc_column_container col-md-6 vc_custom_1733445055604\"><div class=\"wpb_wrapper vc_column-inner\"><div class=\"vc_empty_space  vc_custom_1733445034743\"   style=\"height: 32px\"><span class=\"vc_empty_space_inner\"><\/span><\/div><\/div><\/div><\/div><div class=\"vc_empty_space\"   style=\"height: 32px\"><span class=\"vc_empty_space_inner\"><\/span><\/div><div class=\"vc_empty_space\"   style=\"height: 32px\"><span class=\"vc_empty_space_inner\"><\/span><\/div><\/div><\/div><div class=\"vc_column_container col-md-1\"><div class=\"wpb_wrapper vc_column-inner\"><\/div><\/div><\/div><\/div><\/div><div class=\"vc_row-full-width vc_clearfix\"><\/div><div data-vc-full-width=\"true\" data-vc-full-width-temp=\"true\" data-vc-full-width-init=\"false\" class=\"vc_row wpb_row top-row vc_custom_1718801958005 vc_row-has-fill porto-inner-container wpb_custom_034b39d9bc6c6b310d69e39f0ccf274f\"><div class=\"porto-wrap-container container\"><div class=\"row\"><div class=\"vc_column_container col-md-12\"><div class=\"wpb_wrapper vc_column-inner\"><div class=\"vc_empty_space\"   style=\"height: 32px\"><span class=\"vc_empty_space_inner\"><\/span><\/div><div class=\"vc_empty_space\"   style=\"height: 32px\"><span class=\"vc_empty_space_inner\"><\/span><\/div><div class=\"vc_empty_space\"   style=\"height: 32px\"><span class=\"vc_empty_space_inner\"><\/span><\/div><div class=\"vc_empty_space\"   style=\"height: 32px\"><span class=\"vc_empty_space_inner\"><\/span><\/div><div class=\"vc_row wpb_row vc_inner row vc_row-o-equal-height vc_row-o-content-middle vc_row-flex\"><div class=\"vc_column_container col-md-5\"><div class=\"wpb_wrapper vc_column-inner\">\r\n\t<div class=\"wpb_text_column wpb_content_element wpb_custom_7c91d232724f73626cc933bd95b25ff0\" >\r\n\t\t<div class=\"wpb_wrapper\">\r\n\t\t\t<h2><span style=\"color: #cc9932;\"><em>REQUESTING FOR A QUOTE<\/em><\/span><br \/>\nCURIOUS TO LEARN MORE ABOUT OUR PROPOSITION?<\/h2>\n\r\n\t\t<\/div>\r\n\t<\/div>\r\n<\/div><\/div><div class=\"vc_column_container col-md-3\"><div class=\"wpb_wrapper vc_column-inner\"><\/div><\/div><div class=\"vc_column_container col-md-4\"><div class=\"wpb_wrapper vc_column-inner\"><div class=\"vc_btn3-container vc_btn3-right vc_do_btn\" >\r\n\t<a class=\"vc_btn3 vc_btn3-shape-default wpb_custom_6687b26f39488ddbb85ddb3c1ce8e111 btn btn-xl btn-secondary\" href=\"https:\/\/korus.ca\/english\/contact\/#form\" title=\"\">ASK FOR A QUOTE<\/a>\t<\/div>\r\n<\/div><\/div><\/div><div class=\"vc_empty_space\"   style=\"height: 32px\"><span class=\"vc_empty_space_inner\"><\/span><\/div><div class=\"vc_empty_space\"   style=\"height: 32px\"><span class=\"vc_empty_space_inner\"><\/span><\/div><div class=\"vc_empty_space\"   style=\"height: 32px\"><span class=\"vc_empty_space_inner\"><\/span><\/div><div class=\"vc_empty_space\"   style=\"height: 32px\"><span class=\"vc_empty_space_inner\"><\/span><\/div><\/div><\/div><\/div><\/div><\/div><div class=\"vc_row-full-width vc_clearfix\"><\/div>\n<\/div>","protected":false},"excerpt":{"rendered":"Korus - Gestion collaborative de copropri\u00e9t\u00e9s NOS SERVICES Services D\u00c9COUVREZ UNE OFFRE FLEXIBLE Nous offrons une gestion compl\u00e8te ou partielle selon vos besoins, votre budget et la collaboration souhait\u00e9e. Les services portent sur une gestion op\u00e9rationnelle, financi\u00e8re ainsi qu\u2019administrative. Korus Gestion collaborative de copropri\u00e9t\u00e9s offre \u00e0 ses clients\u2026 Une offre de service flexible Une banque [...]","protected":false},"author":1,"featured_media":0,"parent":0,"menu_order":0,"comment_status":"closed","ping_status":"closed","template":"","meta":{"_uf_show_specific_survey":0,"_uf_disable_surveys":false,"footnotes":""},"class_list":["post-36","page","type-page","status-publish","hentry"],"yoast_head":"<!-- This site is optimized with the Yoast SEO plugin v27.5 - https:\/\/yoast.com\/product\/yoast-seo-wordpress\/ -->\n<title>Une offre flexible<\/title>\n<meta name=\"description\" content=\"Une offre flexible de gestion compl\u00e8te ou partielle selon vos besoins, votre budget et la collaboration souhait\u00e9e.\" \/>\n<meta name=\"robots\" content=\"index, follow, max-snippet:-1, max-image-preview:large, max-video-preview:-1\" \/>\n<link rel=\"canonical\" href=\"https:\/\/korus.ca\/english\/services\/\" \/>\n<meta property=\"og:locale\" content=\"en_US\" \/>\n<meta property=\"og:type\" content=\"article\" \/>\n<meta property=\"og:title\" content=\"Une offre flexible\" \/>\n<meta property=\"og:description\" content=\"Une offre flexible de gestion compl\u00e8te ou partielle selon vos besoins, votre budget et la collaboration souhait\u00e9e.\" \/>\n<meta property=\"og:url\" content=\"https:\/\/korus.ca\/english\/services\/\" \/>\n<meta property=\"og:site_name\" content=\"Korus GCDC\" \/>\n<meta property=\"article:modified_time\" content=\"2024-12-09T11:54:32+00:00\" \/>\n<meta property=\"og:image\" content=\"https:\/\/korus.ca\/wp-content\/uploads\/2024\/12\/korus-logo.png\" \/>\n\t<meta property=\"og:image:width\" content=\"101\" \/>\n\t<meta property=\"og:image:height\" content=\"82\" \/>\n\t<meta property=\"og:image:type\" content=\"image\/png\" \/>\n<meta name=\"twitter:card\" content=\"summary_large_image\" \/>\n<meta name=\"twitter:label1\" content=\"Est. reading time\" \/>\n\t<meta name=\"twitter:data1\" content=\"1 minute\" \/>\n<script type=\"application\/ld+json\" class=\"yoast-schema-graph\">{\"@context\":\"https:\\\/\\\/schema.org\",\"@graph\":[{\"@type\":\"WebPage\",\"@id\":\"https:\\\/\\\/korus.ca\\\/services\\\/\",\"url\":\"https:\\\/\\\/korus.ca\\\/services\\\/\",\"name\":\"Une offre flexible\",\"isPartOf\":{\"@id\":\"\\\/#website\"},\"datePublished\":\"2016-07-18T09:02:31+00:00\",\"dateModified\":\"2024-12-09T11:54:32+00:00\",\"description\":\"Une offre flexible de gestion compl\u00e8te ou partielle selon vos besoins, votre budget et la collaboration souhait\u00e9e.\",\"breadcrumb\":{\"@id\":\"https:\\\/\\\/korus.ca\\\/services\\\/#breadcrumb\"},\"inLanguage\":\"en-US\",\"potentialAction\":[{\"@type\":\"ReadAction\",\"target\":[\"https:\\\/\\\/korus.ca\\\/services\\\/\"]}]},{\"@type\":\"BreadcrumbList\",\"@id\":\"https:\\\/\\\/korus.ca\\\/services\\\/#breadcrumb\",\"itemListElement\":[{\"@type\":\"ListItem\",\"position\":1,\"name\":\"Accueil\",\"item\":\"https:\\\/\\\/korus.ca\\\/\"},{\"@type\":\"ListItem\",\"position\":2,\"name\":\"Services\"}]},{\"@type\":\"WebSite\",\"@id\":\"\\\/#website\",\"url\":\"\\\/\",\"name\":\"Korus GCDC\",\"description\":\"Korus Gestion Collaborative de Copropri\u00e9t\u00e9s\",\"publisher\":{\"@id\":\"\\\/#organization\"},\"potentialAction\":[{\"@type\":\"SearchAction\",\"target\":{\"@type\":\"EntryPoint\",\"urlTemplate\":\"\\\/?s={search_term_string}\"},\"query-input\":{\"@type\":\"PropertyValueSpecification\",\"valueRequired\":true,\"valueName\":\"search_term_string\"}}],\"inLanguage\":\"en-US\"},{\"@type\":\"Organization\",\"@id\":\"\\\/#organization\",\"name\":\"Korus GCDC\",\"url\":\"\\\/\",\"logo\":{\"@type\":\"ImageObject\",\"inLanguage\":\"en-US\",\"@id\":\"\\\/#\\\/schema\\\/logo\\\/image\\\/\",\"url\":\"https:\\\/\\\/korus.ca\\\/wp-content\\\/uploads\\\/2024\\\/12\\\/korus-logo.png\",\"contentUrl\":\"https:\\\/\\\/korus.ca\\\/wp-content\\\/uploads\\\/2024\\\/12\\\/korus-logo.png\",\"width\":101,\"height\":82,\"caption\":\"Korus GCDC\"},\"image\":{\"@id\":\"\\\/#\\\/schema\\\/logo\\\/image\\\/\"}}]}<\/script>\n<!-- \/ Yoast SEO plugin. -->","yoast_head_json":{"title":"Une offre flexible","description":"Une offre flexible de gestion compl\u00e8te ou partielle selon vos besoins, votre budget et la collaboration souhait\u00e9e.","robots":{"index":"index","follow":"follow","max-snippet":"max-snippet:-1","max-image-preview":"max-image-preview:large","max-video-preview":"max-video-preview:-1"},"canonical":"https:\/\/korus.ca\/english\/services\/","og_locale":"en_US","og_type":"article","og_title":"Une offre flexible","og_description":"Une offre flexible de gestion compl\u00e8te ou partielle selon vos besoins, votre budget et la collaboration souhait\u00e9e.","og_url":"https:\/\/korus.ca\/english\/services\/","og_site_name":"Korus GCDC","article_modified_time":"2024-12-09T11:54:32+00:00","og_image":[{"width":101,"height":82,"url":"https:\/\/korus.ca\/wp-content\/uploads\/2024\/12\/korus-logo.png","type":"image\/png"}],"twitter_card":"summary_large_image","twitter_misc":{"Est. reading time":"1 minute"},"schema":{"@context":"https:\/\/schema.org","@graph":[{"@type":"WebPage","@id":"https:\/\/korus.ca\/services\/","url":"https:\/\/korus.ca\/services\/","name":"Une offre flexible","isPartOf":{"@id":"\/#website"},"datePublished":"2016-07-18T09:02:31+00:00","dateModified":"2024-12-09T11:54:32+00:00","description":"Une offre flexible de gestion compl\u00e8te ou partielle selon vos besoins, votre budget et la collaboration souhait\u00e9e.","breadcrumb":{"@id":"https:\/\/korus.ca\/services\/#breadcrumb"},"inLanguage":"en-US","potentialAction":[{"@type":"ReadAction","target":["https:\/\/korus.ca\/services\/"]}]},{"@type":"BreadcrumbList","@id":"https:\/\/korus.ca\/services\/#breadcrumb","itemListElement":[{"@type":"ListItem","position":1,"name":"Accueil","item":"https:\/\/korus.ca\/"},{"@type":"ListItem","position":2,"name":"Services"}]},{"@type":"WebSite","@id":"\/#website","url":"\/","name":"Korus GCDC","description":"Korus Gestion Collaborative de Copropri\u00e9t\u00e9s","publisher":{"@id":"\/#organization"},"potentialAction":[{"@type":"SearchAction","target":{"@type":"EntryPoint","urlTemplate":"\/?s={search_term_string}"},"query-input":{"@type":"PropertyValueSpecification","valueRequired":true,"valueName":"search_term_string"}}],"inLanguage":"en-US"},{"@type":"Organization","@id":"\/#organization","name":"Korus GCDC","url":"\/","logo":{"@type":"ImageObject","inLanguage":"en-US","@id":"\/#\/schema\/logo\/image\/","url":"https:\/\/korus.ca\/wp-content\/uploads\/2024\/12\/korus-logo.png","contentUrl":"https:\/\/korus.ca\/wp-content\/uploads\/2024\/12\/korus-logo.png","width":101,"height":82,"caption":"Korus GCDC"},"image":{"@id":"\/#\/schema\/logo\/image\/"}}]}},"_links":{"self":[{"href":"https:\/\/korus.ca\/english\/wp-json\/wp\/v2\/pages\/36","targetHints":{"allow":["GET"]}}],"collection":[{"href":"https:\/\/korus.ca\/english\/wp-json\/wp\/v2\/pages"}],"about":[{"href":"https:\/\/korus.ca\/english\/wp-json\/wp\/v2\/types\/page"}],"author":[{"embeddable":true,"href":"https:\/\/korus.ca\/english\/wp-json\/wp\/v2\/users\/1"}],"replies":[{"embeddable":true,"href":"https:\/\/korus.ca\/english\/wp-json\/wp\/v2\/comments?post=36"}],"version-history":[{"count":9,"href":"https:\/\/korus.ca\/english\/wp-json\/wp\/v2\/pages\/36\/revisions"}],"predecessor-version":[{"id":3796,"href":"https:\/\/korus.ca\/english\/wp-json\/wp\/v2\/pages\/36\/revisions\/3796"}],"wp:attachment":[{"href":"https:\/\/korus.ca\/english\/wp-json\/wp\/v2\/media?parent=36"}],"curies":[{"name":"wp","href":"https:\/\/api.w.org\/{rel}","templated":true}]}}