{"id":143,"date":"2016-07-15T08:32:51","date_gmt":"2016-07-15T08:32:51","guid":{"rendered":"http:\/\/sw-themes.com\/porto_dummy\/?page_id=143"},"modified":"2024-12-09T14:13:59","modified_gmt":"2024-12-09T14:13:59","slug":"accueil","status":"publish","type":"page","link":"https:\/\/korus.ca\/english\/","title":{"rendered":"HOME"},"content":{"rendered":"<div class=\"wpb-content-wrapper\"><div data-vc-full-width=\"true\" data-vc-full-width-temp=\"true\" data-vc-full-width-init=\"false\" class=\"vc_row wpb_row top-row vc_custom_1720213511113 section section-default section-text-light mt-0 mb-0 pt-0 pb-0 section-no-borders vc_row-has-fill vc_row-o-full-height vc_row-o-columns-middle vc_row-flex porto-inner-container wpb_custom_034b39d9bc6c6b310d69e39f0ccf274f\"><div class=\"porto-wrap-container container\"><div class=\"row\"><div class=\"vc_column_container col-md-12\"><div class=\"wpb_wrapper vc_column-inner\"><div class=\"vc_row wpb_row vc_inner row\"><div class=\"vc_column_container col-md-7\"><div class=\"wpb_wrapper vc_column-inner\">\r\n\t<div class=\"wpb_text_column wpb_content_element wpb_custom_7c91d232724f73626cc933bd95b25ff0\" >\r\n\t\t<div class=\"wpb_wrapper\">\r\n\t\t\t<h1><span style=\"vertical-align: inherit;\"><span style=\"vertical-align: inherit;\"><em class=\"tbt1\">KORUS - GESTION COLLABORATIVE DE COPROPRI\u00c9T\u00c9S<\/em><br \/>\nAre you looking for a professional condo property manager?<br \/>\n<\/span><\/span><\/h1>\n\r\n\t\t<\/div>\r\n\t<\/div>\r\n\r\n\t<div class=\"wpb_text_column wpb_content_element wpb_custom_7c91d232724f73626cc933bd95b25ff0\" >\r\n\t\t<div class=\"wpb_wrapper\">\r\n\t\t\t<p>Korus Gestion Collaborative de Copropri\u00e9t\u00e9s offers personalized administrative, financial and operational management services. Our service covers the greater Montreal area. Contact one of our specialists immediately for a quote.<\/p>\n\r\n\t\t<\/div>\r\n\t<\/div>\r\n<\/div><\/div><div class=\"vc_column_container col-md-5\"><div class=\"wpb_wrapper vc_column-inner\"><\/div><\/div><\/div><div class=\"vc_btn3-container vc_btn3-inline vc_do_btn\" >\r\n\t<a class=\"vc_btn3 vc_btn3-shape-default wpb_custom_6687b26f39488ddbb85ddb3c1ce8e111 btn btn-xl btn-primary\" href=\"https:\/\/korus.ca\/english\/contact\/#form\" title=\"\">ASK FOR A QUOTE<\/a>\t<\/div>\r\n<\/div><\/div><\/div><\/div><\/div><div class=\"vc_row-full-width vc_clearfix\"><\/div><div data-vc-full-width=\"true\" data-vc-full-width-temp=\"true\" data-vc-full-width-init=\"false\" class=\"vc_row wpb_row top-row vc_custom_1718318049426 vc_row-has-fill vc_row-o-full-height vc_row-o-columns-middle vc_row-flex porto-inner-container wpb_custom_034b39d9bc6c6b310d69e39f0ccf274f\"><div class=\"porto-wrap-container container\"><div class=\"row\"><div class=\"vc_column_container col-md-12\"><div class=\"wpb_wrapper vc_column-inner\"><div class=\"vc_empty_space\"   style=\"height: 32px\"><span class=\"vc_empty_space_inner\"><\/span><\/div><div class=\"vc_empty_space\"   style=\"height: 32px\"><span class=\"vc_empty_space_inner\"><\/span><\/div><div class=\"vc_row wpb_row vc_inner row vc_row-o-equal-height vc_row-o-content-middle vc_row-flex\"><div class=\"vc_column_container col-md-6\"><div class=\"wpb_wrapper vc_column-inner\">\r\n\t<div class=\"wpb_text_column wpb_content_element wpb_custom_7c91d232724f73626cc933bd95b25ff0\" >\r\n\t\t<div class=\"wpb_wrapper\">\r\n\t\t\t<h2><span style=\"color: #cc9932;\"><em>ABOUT US<\/em><\/span><br \/>\nWHO ARE WE ?<\/h2>\n<p>Korus Gestion collaborative de copropri\u00e9t\u00e9s is a group of experienced condominium management professionals.<\/p>\n<p>We offer a condominium management service that meets the specific needs of each syndicate while fostering their commitment.<\/p>\n\r\n\t\t<\/div>\r\n\t<\/div>\r\n<div class=\"vc_btn3-container vc_btn3-inline vc_do_btn\" >\r\n\t<a class=\"vc_btn3 vc_btn3-shape-default wpb_custom_6687b26f39488ddbb85ddb3c1ce8e111 btn btn-xl btn-dark\" href=\"https:\/\/korus.ca\/english\/a-propos\/#2\" title=\"\">LEARN MORE<\/a>\t<\/div>\r\n<\/div><\/div><div class=\"vc_column_container col-md-6\"><div class=\"wpb_wrapper vc_column-inner\">\r\n\t<div class=\"wpb_single_image wpb_content_element vc_align_center wpb_content_element  wpb_custom_81a4f7ef9830bf958462581aa01150fb\"><div class=\"wpb_wrapper\">\r\n\t\t\t\r\n\t\t\t<div class=\"vc_single_image-wrapper   vc_box_border_grey\"><img loading=\"lazy\" decoding=\"async\" width=\"291\" height=\"357\" src=\"https:\/\/korus.ca\/wp-content\/uploads\/2024\/07\/z-1.png\" class=\"vc_single_image-img attachment-full\" alt=\"Gestion collaborative de copropri\u00e9t\u00e9 image avec une cl\u00e9 tenue entre les doigts\" title=\"z1\" \/><\/div>\r\n\t\t<\/div>\r\n\t<\/div>\r\n<\/div><\/div><\/div><\/div><\/div><\/div><\/div><\/div><div class=\"vc_row-full-width vc_clearfix\"><\/div><div data-vc-full-width=\"true\" data-vc-full-width-temp=\"true\" data-vc-full-width-init=\"false\" class=\"vc_row wpb_row top-row vc_custom_1718020616996 section section-secondary section-text-light mt-0 mb-0 vc_row-has-fill porto-inner-container wpb_custom_034b39d9bc6c6b310d69e39f0ccf274f\"><div class=\"porto-wrap-container container\"><div class=\"row\"><div class=\"vc_column_container col-md-1\"><div class=\"wpb_wrapper vc_column-inner\"><\/div><\/div><div class=\"vc_column_container col-md-10\"><div class=\"wpb_wrapper vc_column-inner\"><div class=\"vc_row wpb_row vc_inner row\"><div class=\"vc_column_container col-md-12\"><div class=\"wpb_wrapper vc_column-inner\">\r\n\t<div class=\"wpb_text_column wpb_content_element wpb_custom_7c91d232724f73626cc933bd95b25ff0\" >\r\n\t\t<div class=\"wpb_wrapper\">\r\n\t\t\t<h2 style=\"text-align: center;\"><em>SERVICES<\/em><br \/>\nDISCOVER OUR FLEXIBLE OFFER<\/h2>\n<p style=\"text-align: center;\">We offer full or partial management, depending on your needs, budget and desired collaboration. Our services cover operational, financial and administrative management.<\/p>\n\r\n\t\t<\/div>\r\n\t<\/div>\r\n<\/div><\/div><\/div><div class=\"vc_row wpb_row vc_inner row vc_row-o-equal-height vc_row-o-content-middle vc_row-flex\"><div class=\"vc_column_container col-md-6 vc_custom_1718020427570\"><div class=\"wpb_wrapper vc_column-inner\"><div class=\"vc_empty_space\"   style=\"height: 32px\"><span class=\"vc_empty_space_inner\"><\/span><\/div><div class=\"vc_empty_space\"   style=\"height: 32px\"><span class=\"vc_empty_space_inner\"><\/span><\/div>\r\n\t<div class=\"wpb_text_column wpb_content_element vc_custom_1718021051406 wpb_custom_7c91d232724f73626cc933bd95b25ff0\" >\r\n\t\t<div class=\"wpb_wrapper\">\r\n\t\t\t<h3><span style=\"color: #ffffff;\">Korus Gestion collaborative de copropri\u00e9t\u00e9s offer to his clients ... <\/span><\/h3>\n<ul>\n<li><span style=\"color: #ffffff;\">A flexible service offering <\/span><\/li>\n<li><span style=\"color: #ffffff;\">A bank of hours dedicated to deliverables <\/span><\/li>\n<li><span style=\"color: #ffffff;\">Transparent activity management with our monthly billable activity summary <\/span><\/li>\n<li><span style=\"color: #ffffff;\">Manager-client compatibility<\/span><\/li>\n<li><span style=\"color: #ffffff;\">Agile priority management<\/span><\/li>\n<\/ul>\n\r\n\t\t<\/div>\r\n\t<\/div>\r\n<div class=\"vc_empty_space\"   style=\"height: 32px\"><span class=\"vc_empty_space_inner\"><\/span><\/div><\/div><\/div><div class=\"vc_column_container col-md-6 vc_custom_1733418213952\"><div class=\"wpb_wrapper vc_column-inner\"><div class=\"vc_empty_space\"   style=\"height: 400px\"><span class=\"vc_empty_space_inner\"><\/span><\/div><\/div><\/div><\/div><div class=\"vc_empty_space\"   style=\"height: 32px\"><span class=\"vc_empty_space_inner\"><\/span><\/div><div class=\"vc_btn3-container vc_btn3-center vc_do_btn\" >\r\n\t<a class=\"vc_btn3 vc_btn3-shape-default wpb_custom_6687b26f39488ddbb85ddb3c1ce8e111 btn btn-xl btn-primary\" href=\"https:\/\/korus.ca\/english\/services\/\" title=\"\">LEARN MORE<\/a>\t<\/div>\r\n<div class=\"vc_empty_space\"   style=\"height: 32px\"><span class=\"vc_empty_space_inner\"><\/span><\/div><\/div><\/div><div class=\"vc_column_container col-md-1\"><div class=\"wpb_wrapper vc_column-inner\"><\/div><\/div><\/div><\/div><\/div><div class=\"vc_row-full-width vc_clearfix\"><\/div><div data-vc-full-width=\"true\" data-vc-full-width-temp=\"true\" data-vc-full-width-init=\"false\" class=\"vc_row wpb_row top-row vc_custom_1718801958005 vc_row-has-fill porto-inner-container wpb_custom_034b39d9bc6c6b310d69e39f0ccf274f\"><div class=\"porto-wrap-container container\"><div class=\"row\"><div class=\"vc_column_container col-md-12\"><div class=\"wpb_wrapper vc_column-inner\"><div class=\"vc_empty_space\"   style=\"height: 32px\"><span class=\"vc_empty_space_inner\"><\/span><\/div><div class=\"vc_empty_space\"   style=\"height: 32px\"><span class=\"vc_empty_space_inner\"><\/span><\/div><div class=\"vc_empty_space\"   style=\"height: 32px\"><span class=\"vc_empty_space_inner\"><\/span><\/div><div class=\"vc_empty_space\"   style=\"height: 32px\"><span class=\"vc_empty_space_inner\"><\/span><\/div><div class=\"vc_row wpb_row vc_inner row vc_row-o-equal-height vc_row-o-content-middle vc_row-flex\"><div class=\"vc_column_container col-md-5\"><div class=\"wpb_wrapper vc_column-inner\">\r\n\t<div class=\"wpb_text_column wpb_content_element wpb_custom_7c91d232724f73626cc933bd95b25ff0\" >\r\n\t\t<div class=\"wpb_wrapper\">\r\n\t\t\t<h2><span style=\"color: #cc9932;\"><em>REQUESTING FOR A QUOTE<\/em><\/span><br \/>\nCURIOUS TO LEARN MORE ABOUT OUR PROPOSITION?<\/h2>\n\r\n\t\t<\/div>\r\n\t<\/div>\r\n<\/div><\/div><div class=\"vc_column_container col-md-3\"><div class=\"wpb_wrapper vc_column-inner\"><\/div><\/div><div class=\"vc_column_container col-md-4\"><div class=\"wpb_wrapper vc_column-inner\"><div class=\"vc_btn3-container vc_btn3-right vc_do_btn\" >\r\n\t<a class=\"vc_btn3 vc_btn3-shape-default wpb_custom_6687b26f39488ddbb85ddb3c1ce8e111 btn btn-xl btn-secondary\" href=\"https:\/\/korus.ca\/english\/contact\/#form\" title=\"\">ASK FOR A QUOTE<\/a>\t<\/div>\r\n<\/div><\/div><\/div><div class=\"vc_empty_space\"   style=\"height: 32px\"><span class=\"vc_empty_space_inner\"><\/span><\/div><div class=\"vc_empty_space\"   style=\"height: 32px\"><span class=\"vc_empty_space_inner\"><\/span><\/div><div class=\"vc_empty_space\"   style=\"height: 32px\"><span class=\"vc_empty_space_inner\"><\/span><\/div><div class=\"vc_empty_space\"   style=\"height: 32px\"><span class=\"vc_empty_space_inner\"><\/span><\/div><\/div><\/div><\/div><\/div><\/div><div class=\"vc_row-full-width vc_clearfix\"><\/div>\n<\/div>","protected":false},"excerpt":{"rendered":"Korus - Gestion collaborative de copropri\u00e9t\u00e9s VOUS RECHERCHEZ UN GESTIONNAIRE EXPERT EN COPROPRI\u00c9T\u00c9S ? Korus Gestion collaborative de copropri\u00e9t\u00e9s vous propose des services personnalis\u00e9s en mati\u00e8re de gestion administrative, financi\u00e8re ou op\u00e9rationnelle. Notre service couvre la grande r\u00e9gion m\u00e9tropolitaine de Montr\u00e9al. Contacter imm\u00e9diatement l\u2019un de nos sp\u00e9cialistes pour une soumission. Soumission \u00c0 propos Qui sommes-nous [...]","protected":false},"author":1,"featured_media":0,"parent":0,"menu_order":0,"comment_status":"closed","ping_status":"closed","template":"","meta":{"_uf_show_specific_survey":0,"_uf_disable_surveys":false,"footnotes":""},"class_list":["post-143","page","type-page","status-publish","hentry"],"yoast_head":"<!-- This site is optimized with the Yoast SEO plugin v27.5 - https:\/\/yoast.com\/product\/yoast-seo-wordpress\/ -->\n<title>Gestion collaborative de copropri\u00e9t\u00e9s<\/title>\n<meta name=\"description\" content=\"Korus Gestion collaborative de copropri\u00e9t\u00e9s vous offre des services en mati\u00e8re de gestion administrative, financi\u00e8re ou op\u00e9rationnelle.\" \/>\n<meta name=\"robots\" content=\"index, follow, max-snippet:-1, max-image-preview:large, max-video-preview:-1\" \/>\n<link rel=\"canonical\" href=\"https:\/\/korus.ca\/english\/\" \/>\n<meta property=\"og:locale\" content=\"en_US\" \/>\n<meta property=\"og:type\" content=\"article\" \/>\n<meta property=\"og:title\" content=\"Gestion collaborative de copropri\u00e9t\u00e9s\" \/>\n<meta property=\"og:description\" content=\"Korus Gestion collaborative de copropri\u00e9t\u00e9s vous offre des services en mati\u00e8re de gestion administrative, financi\u00e8re ou op\u00e9rationnelle.\" \/>\n<meta property=\"og:url\" content=\"https:\/\/korus.ca\/english\/\" \/>\n<meta property=\"og:site_name\" content=\"Korus GCDC\" \/>\n<meta property=\"article:modified_time\" content=\"2024-12-09T14:13:59+00:00\" \/>\n<meta property=\"og:image\" content=\"https:\/\/korus.ca\/wp-content\/uploads\/2024\/12\/korus-logo.png\" \/>\n\t<meta property=\"og:image:width\" content=\"101\" \/>\n\t<meta property=\"og:image:height\" content=\"82\" \/>\n\t<meta property=\"og:image:type\" content=\"image\/png\" \/>\n<meta name=\"twitter:card\" content=\"summary_large_image\" \/>\n<meta name=\"twitter:label1\" content=\"Est. reading time\" \/>\n\t<meta name=\"twitter:data1\" content=\"2 minutes\" \/>\n<script type=\"application\/ld+json\" class=\"yoast-schema-graph\">{\"@context\":\"https:\\\/\\\/schema.org\",\"@graph\":[{\"@type\":\"WebPage\",\"@id\":\"https:\\\/\\\/korus.ca\\\/\",\"url\":\"https:\\\/\\\/korus.ca\\\/\",\"name\":\"Gestion collaborative de copropri\u00e9t\u00e9s\",\"isPartOf\":{\"@id\":\"\\\/#website\"},\"datePublished\":\"2016-07-15T08:32:51+00:00\",\"dateModified\":\"2024-12-09T14:13:59+00:00\",\"description\":\"Korus Gestion collaborative de copropri\u00e9t\u00e9s vous offre des services en mati\u00e8re de gestion administrative, financi\u00e8re ou op\u00e9rationnelle.\",\"breadcrumb\":{\"@id\":\"https:\\\/\\\/korus.ca\\\/#breadcrumb\"},\"inLanguage\":\"en-US\",\"potentialAction\":[{\"@type\":\"ReadAction\",\"target\":[\"https:\\\/\\\/korus.ca\\\/\"]}]},{\"@type\":\"BreadcrumbList\",\"@id\":\"https:\\\/\\\/korus.ca\\\/#breadcrumb\",\"itemListElement\":[{\"@type\":\"ListItem\",\"position\":1,\"name\":\"Accueil\",\"item\":\"https:\\\/\\\/korus.ca\\\/\"},{\"@type\":\"ListItem\",\"position\":2,\"name\":\"Accueil\"}]},{\"@type\":\"WebSite\",\"@id\":\"\\\/#website\",\"url\":\"\\\/\",\"name\":\"Korus GCDC\",\"description\":\"Korus Gestion Collaborative de Copropri\u00e9t\u00e9s\",\"publisher\":{\"@id\":\"\\\/#organization\"},\"potentialAction\":[{\"@type\":\"SearchAction\",\"target\":{\"@type\":\"EntryPoint\",\"urlTemplate\":\"\\\/?s={search_term_string}\"},\"query-input\":{\"@type\":\"PropertyValueSpecification\",\"valueRequired\":true,\"valueName\":\"search_term_string\"}}],\"inLanguage\":\"en-US\"},{\"@type\":\"Organization\",\"@id\":\"\\\/#organization\",\"name\":\"Korus GCDC\",\"url\":\"\\\/\",\"logo\":{\"@type\":\"ImageObject\",\"inLanguage\":\"en-US\",\"@id\":\"\\\/#\\\/schema\\\/logo\\\/image\\\/\",\"url\":\"https:\\\/\\\/korus.ca\\\/wp-content\\\/uploads\\\/2024\\\/12\\\/korus-logo.png\",\"contentUrl\":\"https:\\\/\\\/korus.ca\\\/wp-content\\\/uploads\\\/2024\\\/12\\\/korus-logo.png\",\"width\":101,\"height\":82,\"caption\":\"Korus GCDC\"},\"image\":{\"@id\":\"\\\/#\\\/schema\\\/logo\\\/image\\\/\"}}]}<\/script>\n<!-- \/ Yoast SEO plugin. -->","yoast_head_json":{"title":"Gestion collaborative de copropri\u00e9t\u00e9s","description":"Korus Gestion collaborative de copropri\u00e9t\u00e9s vous offre des services en mati\u00e8re de gestion administrative, financi\u00e8re ou op\u00e9rationnelle.","robots":{"index":"index","follow":"follow","max-snippet":"max-snippet:-1","max-image-preview":"max-image-preview:large","max-video-preview":"max-video-preview:-1"},"canonical":"https:\/\/korus.ca\/english\/","og_locale":"en_US","og_type":"article","og_title":"Gestion collaborative de copropri\u00e9t\u00e9s","og_description":"Korus Gestion collaborative de copropri\u00e9t\u00e9s vous offre des services en mati\u00e8re de gestion administrative, financi\u00e8re ou op\u00e9rationnelle.","og_url":"https:\/\/korus.ca\/english\/","og_site_name":"Korus GCDC","article_modified_time":"2024-12-09T14:13:59+00:00","og_image":[{"width":101,"height":82,"url":"https:\/\/korus.ca\/wp-content\/uploads\/2024\/12\/korus-logo.png","type":"image\/png"}],"twitter_card":"summary_large_image","twitter_misc":{"Est. reading time":"2 minutes"},"schema":{"@context":"https:\/\/schema.org","@graph":[{"@type":"WebPage","@id":"https:\/\/korus.ca\/","url":"https:\/\/korus.ca\/","name":"Gestion collaborative de copropri\u00e9t\u00e9s","isPartOf":{"@id":"\/#website"},"datePublished":"2016-07-15T08:32:51+00:00","dateModified":"2024-12-09T14:13:59+00:00","description":"Korus Gestion collaborative de copropri\u00e9t\u00e9s vous offre des services en mati\u00e8re de gestion administrative, financi\u00e8re ou op\u00e9rationnelle.","breadcrumb":{"@id":"https:\/\/korus.ca\/#breadcrumb"},"inLanguage":"en-US","potentialAction":[{"@type":"ReadAction","target":["https:\/\/korus.ca\/"]}]},{"@type":"BreadcrumbList","@id":"https:\/\/korus.ca\/#breadcrumb","itemListElement":[{"@type":"ListItem","position":1,"name":"Accueil","item":"https:\/\/korus.ca\/"},{"@type":"ListItem","position":2,"name":"Accueil"}]},{"@type":"WebSite","@id":"\/#website","url":"\/","name":"Korus GCDC","description":"Korus Gestion Collaborative de Copropri\u00e9t\u00e9s","publisher":{"@id":"\/#organization"},"potentialAction":[{"@type":"SearchAction","target":{"@type":"EntryPoint","urlTemplate":"\/?s={search_term_string}"},"query-input":{"@type":"PropertyValueSpecification","valueRequired":true,"valueName":"search_term_string"}}],"inLanguage":"en-US"},{"@type":"Organization","@id":"\/#organization","name":"Korus GCDC","url":"\/","logo":{"@type":"ImageObject","inLanguage":"en-US","@id":"\/#\/schema\/logo\/image\/","url":"https:\/\/korus.ca\/wp-content\/uploads\/2024\/12\/korus-logo.png","contentUrl":"https:\/\/korus.ca\/wp-content\/uploads\/2024\/12\/korus-logo.png","width":101,"height":82,"caption":"Korus GCDC"},"image":{"@id":"\/#\/schema\/logo\/image\/"}}]}},"_links":{"self":[{"href":"https:\/\/korus.ca\/english\/wp-json\/wp\/v2\/pages\/143","targetHints":{"allow":["GET"]}}],"collection":[{"href":"https:\/\/korus.ca\/english\/wp-json\/wp\/v2\/pages"}],"about":[{"href":"https:\/\/korus.ca\/english\/wp-json\/wp\/v2\/types\/page"}],"author":[{"embeddable":true,"href":"https:\/\/korus.ca\/english\/wp-json\/wp\/v2\/users\/1"}],"replies":[{"embeddable":true,"href":"https:\/\/korus.ca\/english\/wp-json\/wp\/v2\/comments?post=143"}],"version-history":[{"count":9,"href":"https:\/\/korus.ca\/english\/wp-json\/wp\/v2\/pages\/143\/revisions"}],"predecessor-version":[{"id":3794,"href":"https:\/\/korus.ca\/english\/wp-json\/wp\/v2\/pages\/143\/revisions\/3794"}],"wp:attachment":[{"href":"https:\/\/korus.ca\/english\/wp-json\/wp\/v2\/media?parent=143"}],"curies":[{"name":"wp","href":"https:\/\/api.w.org\/{rel}","templated":true}]}}